{"id":1224,"date":"2026-03-09T15:15:40","date_gmt":"2026-03-09T15:15:40","guid":{"rendered":"https:\/\/theislandhome.hr\/location\/"},"modified":"2026-03-25T14:21:18","modified_gmt":"2026-03-25T14:21:18","slug":"standort","status":"publish","type":"page","link":"https:\/\/theislandhome.hr\/de\/standort\/","title":{"rendered":"Standort"},"content":{"rendered":"<p><div class=\"fusion-fullwidth fullwidth-box fusion-builder-row-1 fusion-flex-container has-pattern-background has-mask-background fusion-parallax-fixed nonhundred-percent-fullwidth non-hundred-percent-height-scrolling\" style=\"--awb-border-radius-top-left:0px;--awb-border-radius-top-right:0px;--awb-border-radius-bottom-right:0px;--awb-border-radius-bottom-left:0px;--awb-padding-top:300px;--awb-padding-bottom:300px;--awb-padding-top-small:250px;--awb-padding-bottom-small:100px;--awb-background-image:linear-gradient(180deg, rgba(10,10,10,0.3) 0%,rgba(10,10,10,0.3) 100%),url(https:\/\/theislandhome.hr\/wp-content\/uploads\/2026\/03\/location.webp);;--awb-background-size:cover;--awb-flex-wrap:wrap;background-attachment:fixed;\" ><div class=\"fusion-builder-row fusion-row fusion-flex-align-items-flex-start fusion-flex-content-wrap\" style=\"max-width:1248px;margin-left: calc(-4% \/ 2 );margin-right: calc(-4% \/ 2 );\"><div class=\"fusion-layout-column fusion_builder_column fusion-builder-column-0 fusion_builder_column_1_1 1_1 fusion-flex-column\" style=\"--awb-bg-size:cover;--awb-width-large:100%;--awb-margin-top-large:0px;--awb-spacing-right-large:1.92%;--awb-margin-bottom-large:20px;--awb-spacing-left-large:1.92%;--awb-width-medium:100%;--awb-order-medium:0;--awb-spacing-right-medium:1.92%;--awb-spacing-left-medium:1.92%;--awb-width-small:100%;--awb-order-small:0;--awb-spacing-right-small:1.92%;--awb-spacing-left-small:1.92%;\"><div class=\"fusion-column-wrapper fusion-column-has-shadow fusion-flex-justify-content-flex-start fusion-content-layout-column\"><div class=\"fusion-title title fusion-title-1 fusion-sep-none fusion-title-center fusion-title-text fusion-title-size-one\" style=\"--awb-text-color:var(--awb-color1);--awb-font-size:36px;\"><h1 class=\"fusion-title-heading title-heading-center\" style=\"margin:0;font-size:1em;\">Standort<\/h1><\/div><\/div><\/div><\/div><\/div><div class=\"fusion-fullwidth fullwidth-box fusion-builder-row-2 fusion-flex-container has-pattern-background has-mask-background nonhundred-percent-fullwidth non-hundred-percent-height-scrolling\" style=\"--awb-border-radius-top-left:0px;--awb-border-radius-top-right:0px;--awb-border-radius-bottom-right:0px;--awb-border-radius-bottom-left:0px;--awb-padding-top:50px;--awb-margin-top:0px;--awb-margin-bottom:0px;--awb-background-color:var(--awb-color6);--awb-flex-wrap:wrap;\" ><div class=\"awb-background-pattern\" style=\"background-image:  url(data:image\/svg+xml;utf8,%3Csvg%20width%3D%2280%22%20height%3D%22120%22%20fill%3D%22none%22%20xmlns%3D%22http%3A%2F%2Fwww.w3.org%2F2000%2Fsvg%22%3E%3Cg%20clip-path%3D%22url%28%23prefix__clip0_43_320%29%22%20fill%3D%22rgba%28249%2C247%2C242%2C1%29%22%3E%3Cpath%20d%3D%22M40%200L0%2030v30l40-30V0zm0%2030v30l40%2030V60L40%2030zM40-30V0l40%2030V0L40-30zm0%2090L0%2090v30l40-30V60zm0%2030v30l40%2030v-30L40%2090z%22%2F%3E%3C%2Fg%3E%3Cdefs%3E%3CclipPath%20id%3D%22prefix__clip0_43_320%22%3E%3Cpath%20fill%3D%22%23fff%22%20d%3D%22M0%200h80v120H0z%22%2F%3E%3C%2FclipPath%3E%3C%2Fdefs%3E%3C%2Fsvg%3E);opacity: 0.01 ;mix-blend-mode:normal;\"><\/div><div class=\"fusion-builder-row fusion-row fusion-flex-align-items-flex-start fusion-flex-content-wrap\" style=\"max-width:1248px;margin-left: calc(-4% \/ 2 );margin-right: calc(-4% \/ 2 );\"><div class=\"fusion-layout-column fusion_builder_column fusion-builder-column-1 fusion_builder_column_1_1 1_1 fusion-flex-column\" style=\"--awb-bg-size:cover;--awb-width-large:100%;--awb-margin-top-large:0px;--awb-spacing-right-large:1.92%;--awb-margin-bottom-large:20px;--awb-spacing-left-large:1.92%;--awb-width-medium:100%;--awb-order-medium:0;--awb-spacing-right-medium:1.92%;--awb-spacing-left-medium:1.92%;--awb-width-small:100%;--awb-order-small:0;--awb-spacing-right-small:1.92%;--awb-spacing-left-small:1.92%;\"><div class=\"fusion-column-wrapper fusion-column-has-shadow fusion-flex-justify-content-flex-start fusion-content-layout-column\"><div class=\"fusion-text fusion-text-1\" style=\"--awb-text-color:var(--awb-color3);--awb-margin-top:50px;\"><p>Unsere Apartments befinden sich in einer <strong>ruhigen Gegend<\/strong>, die einen erholsamen Urlaub erm\u00f6glicht und zugleich in der N\u00e4he der <strong>wichtigsten Sehensw\u00fcrdigkeiten<\/strong> der Insel liegt. Es ist eine friedliche Gegend, abseits vom Trubel und dennoch in der N\u00e4he von allem, was Sie w\u00e4hrend Ihres Aufenthalts ben\u00f6tigen k\u00f6nnten.<\/p>\n<p>Das Meer ist der Hauptanziehungspunkt dieser Lage. Der n\u00e4chste Strand, Wassersportaktivit\u00e4ten und der ber\u00fchmte <strong>Strand La Banya sind nur wenige Sekunden zu Fu\u00df<\/strong> von den Apartments \u201eOne\u201c und \u201eTwo\u201c und 7 Minuten zu Fu\u00df vom Apartment \u201eThree\u201c entfernt.<\/p>\n<p>Wenn Sie die Umgebung erkunden m\u00f6chten, ist die <strong>Altstadt von Kor\u010dula<\/strong> nur <strong>9 Autominuten von der Unterkunft entfernt<\/strong>. Lokale Annehmlichkeiten sind ebenfalls in der N\u00e4he: Der Supermarkt Plodine ist in 7 Minuten mit dem Auto zu erreichen, w\u00e4hrend das Einkaufszentrum Spot und das renommierte Restaurant Bazita beide 8 Minuten mit dem Auto entfernt sind. Wir empfehlen Ihnen, auf dem Weg zur Unterkunft bei den Superm\u00e4rkten Plodine oder Tommy anzuhalten, um sich mit Lebensmitteln einzudecken. Bei einem Aufenthalt von sieben Tagen oder l\u00e4nger bieten wir Ihnen eine kostenlose Reinigung w\u00e4hrend Ihres Aufenthalts an.<\/p>\n<p>F\u00fcr G\u00e4ste, die ohne Fahrzeug anreisen, bieten wir einen zuverl\u00e4ssigen <strong>Taxi-Shuttle-Service<\/strong> an. F\u00fcr 15 EUR pro Strecke bietet dieser Service eine einfache M\u00f6glichkeit, zum Supermarkt oder ins Zentrum der Altstadt zu gelangen, ohne sich um Parkpl\u00e4tze k\u00fcmmern zu m\u00fcssen.<\/p>\n<\/div><\/div><\/div><\/div><\/div><div class=\"fusion-fullwidth fullwidth-box fusion-builder-row-3 fusion-flex-container has-pattern-background has-mask-background nonhundred-percent-fullwidth non-hundred-percent-height-scrolling fusion-animated\" style=\"--awb-border-radius-top-left:0px;--awb-border-radius-top-right:0px;--awb-border-radius-bottom-right:0px;--awb-border-radius-bottom-left:0px;--awb-padding-top:50px;--awb-padding-bottom:50px;--awb-background-image:linear-gradient(180deg, var(--awb-color6) 0%,var(--awb-color7) 100%);--awb-flex-wrap:wrap;\" data-animationType=\"fadeInDown\" data-animationDuration=\"1.0\" data-animationOffset=\"top-into-view\" ><div class=\"fusion-builder-row fusion-row fusion-flex-align-items-flex-start fusion-flex-content-wrap\" style=\"max-width:1248px;margin-left: calc(-4% \/ 2 );margin-right: calc(-4% \/ 2 );\"><div class=\"fusion-layout-column fusion_builder_column fusion-builder-column-2 fusion_builder_column_1_1 1_1 fusion-flex-column\" style=\"--awb-bg-size:cover;--awb-width-large:100%;--awb-margin-top-large:0px;--awb-spacing-right-large:1.92%;--awb-margin-bottom-large:20px;--awb-spacing-left-large:1.92%;--awb-width-medium:100%;--awb-order-medium:0;--awb-spacing-right-medium:1.92%;--awb-spacing-left-medium:1.92%;--awb-width-small:100%;--awb-order-small:0;--awb-spacing-right-small:1.92%;--awb-spacing-left-small:1.92%;\"><div class=\"fusion-column-wrapper fusion-column-has-shadow fusion-flex-justify-content-flex-start fusion-content-layout-column\"><div class=\"fusion-image-element \" style=\"--awb-margin-bottom:50px;--awb-caption-title-font-family:var(--h2_typography-font-family);--awb-caption-title-font-weight:var(--h2_typography-font-weight);--awb-caption-title-font-style:var(--h2_typography-font-style);--awb-caption-title-size:var(--h2_typography-font-size);--awb-caption-title-transform:var(--h2_typography-text-transform);--awb-caption-title-line-height:var(--h2_typography-line-height);--awb-caption-title-letter-spacing:var(--h2_typography-letter-spacing);\"><span class=\" fusion-imageframe imageframe-none imageframe-1 hover-type-none\"><a href=\"https:\/\/theislandhome.hr\/wp-content\/uploads\/2026\/03\/apartmani-1-2-3-location-on-aeral-view.webp\" class=\"fusion-lightbox\" data-rel=\"iLightbox[98cacb9e1fd5ae3f1ce]\" data-title=\"apartmani 1 2 3 location on aeral view\" title=\"apartmani 1 2 3 location on aeral view\"><img decoding=\"async\" width=\"1600\" height=\"741\" alt=\"apartmani 1 2 3 location on aerial view\" src=\"https:\/\/theislandhome.hr\/wp-content\/uploads\/2026\/03\/apartmani-1-2-3-location-on-aeral-view.webp\" class=\"img-responsive wp-image-508\" srcset=\"https:\/\/theislandhome.hr\/wp-content\/uploads\/2026\/03\/apartmani-1-2-3-location-on-aeral-view-200x93.webp 200w, https:\/\/theislandhome.hr\/wp-content\/uploads\/2026\/03\/apartmani-1-2-3-location-on-aeral-view-400x185.webp 400w, https:\/\/theislandhome.hr\/wp-content\/uploads\/2026\/03\/apartmani-1-2-3-location-on-aeral-view-600x278.webp 600w, https:\/\/theislandhome.hr\/wp-content\/uploads\/2026\/03\/apartmani-1-2-3-location-on-aeral-view-800x371.webp 800w, https:\/\/theislandhome.hr\/wp-content\/uploads\/2026\/03\/apartmani-1-2-3-location-on-aeral-view-1200x556.webp 1200w, https:\/\/theislandhome.hr\/wp-content\/uploads\/2026\/03\/apartmani-1-2-3-location-on-aeral-view.webp 1600w\" sizes=\"(max-width: 640px) 100vw, 1200px\" \/><\/a><\/span><\/div><\/div><\/div><div class=\"fusion-layout-column fusion_builder_column fusion-builder-column-3 fusion_builder_column_1_2 1_2 fusion-flex-column\" style=\"--awb-bg-size:cover;--awb-width-large:50%;--awb-margin-top-large:0px;--awb-spacing-right-large:3.84%;--awb-margin-bottom-large:20px;--awb-spacing-left-large:3.84%;--awb-width-medium:50%;--awb-order-medium:0;--awb-spacing-right-medium:3.84%;--awb-spacing-left-medium:3.84%;--awb-width-small:100%;--awb-order-small:0;--awb-spacing-right-small:1.92%;--awb-spacing-left-small:1.92%;\"><div class=\"fusion-column-wrapper fusion-column-has-shadow fusion-flex-justify-content-flex-start fusion-content-layout-column\"><div class=\"fusion-title title fusion-title-2 fusion-sep-none fusion-title-text fusion-title-size-two\" style=\"--awb-text-color:var(--awb-color4);--awb-font-size:26px;\"><h2 class=\"fusion-title-heading title-heading-left\" style=\"margin:0;font-size:1em;\">Apartment Korkyra One und Two<\/h2><\/div><ul style=\"--awb-size:20px;--awb-textcolor:var(--awb-color3);--awb-line-height:34px;--awb-icon-width:34px;--awb-icon-height:34px;--awb-icon-margin:14px;--awb-content-margin:48px;\" class=\"fusion-checklist fusion-checklist-1 fusion-checklist-default type-icons\"><li class=\"fusion-li-item\" style=\"\"><span class=\"icon-wrapper circle-no\"><i class=\"fusion-li-icon fa-map-marker-alt fas\" aria-hidden=\"true\"><\/i><\/span><div class=\"fusion-li-item-content\">\n<p>\u017drnovo 687, Insel Kor\u010dula, Kroatien<\/p>\n<\/div><\/li><\/ul><div class=\"map-container\">\n  <iframe \n    src=\"https:\/\/www.google.com\/maps\/embed?pb=!1m18!1m12!1m3!1d1455.020452595689!2d17.111317791147908!3d42.9579870787095!2m3!1f0!2f0!3f0!3m2!1i1024!2i768!4f13.1!3m3!1m2!1s0x134a514be04bde0f%3A0x2e13277a342ea433!2sThe%20Island%20Home%20-%20Korkyra%20Luxury%20Apartments%20ONE%20%26%20TWO!5e1!3m2!1shr!2shr!4v1774447758881!5m2!1shr!2shr\" \n    style=\"border:0;\" \n    allowfullscreen=\"\" \n    loading=\"lazy\" \n    referrerpolicy=\"no-referrer-when-downgrade\">\n  <\/iframe>\n<\/div>\n\n<style>\n.map-container {\n  position: relative;\n  width: 100%;\n  padding-bottom: 56.25%; \/* Responzivni omjer 16:9 *\/\n  height: 0;\n  overflow: hidden;\n}\n.map-container iframe {\n  position: absolute;\n  top: 0;\n  left: 0;\n  width: 100%;\n  height: 100%;\n  border: 0;\n}\n<\/style><\/div><\/div><div class=\"fusion-layout-column fusion_builder_column fusion-builder-column-4 fusion_builder_column_1_2 1_2 fusion-flex-column\" style=\"--awb-bg-size:cover;--awb-width-large:50%;--awb-margin-top-large:0px;--awb-spacing-right-large:3.84%;--awb-margin-bottom-large:20px;--awb-spacing-left-large:3.84%;--awb-width-medium:50%;--awb-order-medium:0;--awb-spacing-right-medium:3.84%;--awb-spacing-left-medium:3.84%;--awb-width-small:100%;--awb-order-small:0;--awb-spacing-right-small:1.92%;--awb-spacing-left-small:1.92%;\"><div class=\"fusion-column-wrapper fusion-column-has-shadow fusion-flex-justify-content-flex-start fusion-content-layout-column\"><div class=\"fusion-title title fusion-title-3 fusion-sep-none fusion-title-text fusion-title-size-two\" style=\"--awb-text-color:var(--awb-color4);--awb-font-size:26px;\"><h2 class=\"fusion-title-heading title-heading-left\" style=\"margin:0;font-size:1em;\">Apartment Korkyra Three<\/h2><\/div><ul style=\"--awb-size:20px;--awb-textcolor:var(--awb-color3);--awb-line-height:34px;--awb-icon-width:34px;--awb-icon-height:34px;--awb-icon-margin:14px;--awb-content-margin:48px;\" class=\"fusion-checklist fusion-checklist-2 fusion-checklist-default type-icons\"><li class=\"fusion-li-item\" style=\"\"><span class=\"icon-wrapper circle-no\"><i class=\"fusion-li-icon fa-map-marker-alt fas\" aria-hidden=\"true\"><\/i><\/span><div class=\"fusion-li-item-content\">\n<p>\u017drnovo 657 C, Insel Kor\u010dula, Kroatien<\/p>\n<\/div><\/li><\/ul><div class=\"map-container\">\n  <iframe \n    src=\"https:\/\/www.google.com\/maps\/embed?pb=!1m18!1m12!1m3!1d1455.0271818212575!2d17.113650793545045!3d42.95770249999999!2m3!1f0!2f0!3f0!3m2!1i1024!2i768!4f13.1!3m3!1m2!1s0x134a5123d3049c8f%3A0xe71f146cd6522c82!2sThe%20Island%20Home%20-%20Korkyra%20Luxury%20Apartments%20THREE!5e1!3m2!1shr!2shr!4v1774448090307!5m2!1shr!2shr\" \n    style=\"border:0;\" \n    allowfullscreen=\"\" \n    loading=\"lazy\" \n    referrerpolicy=\"no-referrer-when-downgrade\">\n  <\/iframe>\n<\/div>\n\n<style>\n.map-container {\n  position: relative;\n  width: 100%;\n  padding-bottom: 56.25%; \/* Responzivni omjer 16:9 *\/\n  height: 0;\n  overflow: hidden;\n}\n.map-container iframe {\n  position: absolute;\n  top: 0;\n  left: 0;\n  width: 100%;\n  height: 100%;\n  border: 0;\n}\n<\/style><\/div><\/div><\/div><\/div><\/p>\n","protected":false},"excerpt":{"rendered":"","protected":false},"author":1,"featured_media":0,"parent":0,"menu_order":0,"comment_status":"closed","ping_status":"closed","template":"100-width.php","meta":{"footnotes":""},"class_list":["post-1224","page","type-page","status-publish","hentry"],"_links":{"self":[{"href":"https:\/\/theislandhome.hr\/de\/wp-json\/wp\/v2\/pages\/1224","targetHints":{"allow":["GET"]}}],"collection":[{"href":"https:\/\/theislandhome.hr\/de\/wp-json\/wp\/v2\/pages"}],"about":[{"href":"https:\/\/theislandhome.hr\/de\/wp-json\/wp\/v2\/types\/page"}],"author":[{"embeddable":true,"href":"https:\/\/theislandhome.hr\/de\/wp-json\/wp\/v2\/users\/1"}],"replies":[{"embeddable":true,"href":"https:\/\/theislandhome.hr\/de\/wp-json\/wp\/v2\/comments?post=1224"}],"version-history":[{"count":7,"href":"https:\/\/theislandhome.hr\/de\/wp-json\/wp\/v2\/pages\/1224\/revisions"}],"predecessor-version":[{"id":1420,"href":"https:\/\/theislandhome.hr\/de\/wp-json\/wp\/v2\/pages\/1224\/revisions\/1420"}],"wp:attachment":[{"href":"https:\/\/theislandhome.hr\/de\/wp-json\/wp\/v2\/media?parent=1224"}],"curies":[{"name":"wp","href":"https:\/\/api.w.org\/{rel}","templated":true}]}}