{"id":1350,"date":"2026-03-09T15:15:22","date_gmt":"2026-03-09T15:15:22","guid":{"rendered":"https:\/\/theislandhome.hr\/about-us\/"},"modified":"2026-03-23T14:03:17","modified_gmt":"2026-03-23T14:03:17","slug":"o-nama","status":"publish","type":"page","link":"https:\/\/theislandhome.hr\/hr\/o-nama\/","title":{"rendered":"O nama"},"content":{"rendered":"<p><div class=\"fusion-fullwidth fullwidth-box fusion-builder-row-1 fusion-flex-container has-pattern-background has-mask-background fusion-parallax-fixed nonhundred-percent-fullwidth non-hundred-percent-height-scrolling\" style=\"--awb-border-radius-top-left:0px;--awb-border-radius-top-right:0px;--awb-border-radius-bottom-right:0px;--awb-border-radius-bottom-left:0px;--awb-padding-top:300px;--awb-padding-bottom:300px;--awb-padding-top-small:250px;--awb-padding-bottom-small:100px;--awb-background-image:linear-gradient(180deg, rgba(10,10,10,0.66) 0%,rgba(10,10,10,0.3) 100%),url(https:\/\/theislandhome.hr\/wp-content\/uploads\/2026\/03\/korcula-apartments-balcony.webp);;--awb-background-size:cover;--awb-flex-wrap:wrap;background-attachment:fixed;\" ><div class=\"fusion-builder-row fusion-row fusion-flex-align-items-flex-start fusion-flex-content-wrap\" style=\"max-width:1248px;margin-left: calc(-4% \/ 2 );margin-right: calc(-4% \/ 2 );\"><div class=\"fusion-layout-column fusion_builder_column fusion-builder-column-0 fusion_builder_column_1_1 1_1 fusion-flex-column\" style=\"--awb-bg-size:cover;--awb-width-large:100%;--awb-margin-top-large:0px;--awb-spacing-right-large:1.92%;--awb-margin-bottom-large:20px;--awb-spacing-left-large:1.92%;--awb-width-medium:100%;--awb-order-medium:0;--awb-spacing-right-medium:1.92%;--awb-spacing-left-medium:1.92%;--awb-width-small:100%;--awb-order-small:0;--awb-spacing-right-small:1.92%;--awb-spacing-left-small:1.92%;\"><div class=\"fusion-column-wrapper fusion-column-has-shadow fusion-flex-justify-content-flex-start fusion-content-layout-column\"><div class=\"fusion-title title fusion-title-1 fusion-sep-none fusion-title-center fusion-title-text fusion-title-size-one\" style=\"--awb-text-color:var(--awb-color1);--awb-font-size:36px;\"><h1 class=\"fusion-title-heading title-heading-center\" style=\"margin:0;font-size:1em;\">O nama<\/h1><\/div><\/div><\/div><\/div><\/div><div class=\"fusion-fullwidth fullwidth-box fusion-builder-row-2 fusion-flex-container has-pattern-background has-mask-background nonhundred-percent-fullwidth non-hundred-percent-height-scrolling\" style=\"--link_color: var(--awb-color4);--awb-border-radius-top-left:0px;--awb-border-radius-top-right:0px;--awb-border-radius-bottom-right:0px;--awb-border-radius-bottom-left:0px;--awb-padding-top:50px;--awb-margin-top:0px;--awb-margin-bottom:0px;--awb-background-color:var(--awb-color6);--awb-flex-wrap:wrap;\" ><div class=\"awb-background-pattern\" style=\"background-image:  url(data:image\/svg+xml;utf8,%3Csvg%20width%3D%2280%22%20height%3D%22120%22%20fill%3D%22none%22%20xmlns%3D%22http%3A%2F%2Fwww.w3.org%2F2000%2Fsvg%22%3E%3Cg%20clip-path%3D%22url%28%23prefix__clip0_43_320%29%22%20fill%3D%22rgba%28249%2C247%2C242%2C1%29%22%3E%3Cpath%20d%3D%22M40%200L0%2030v30l40-30V0zm0%2030v30l40%2030V60L40%2030zM40-30V0l40%2030V0L40-30zm0%2090L0%2090v30l40-30V60zm0%2030v30l40%2030v-30L40%2090z%22%2F%3E%3C%2Fg%3E%3Cdefs%3E%3CclipPath%20id%3D%22prefix__clip0_43_320%22%3E%3Cpath%20fill%3D%22%23fff%22%20d%3D%22M0%200h80v120H0z%22%2F%3E%3C%2FclipPath%3E%3C%2Fdefs%3E%3C%2Fsvg%3E);opacity: 0.01 ;mix-blend-mode:normal;\"><\/div><div class=\"fusion-builder-row fusion-row fusion-flex-align-items-flex-start fusion-flex-content-wrap\" style=\"max-width:1248px;margin-left: calc(-4% \/ 2 );margin-right: calc(-4% \/ 2 );\"><div class=\"fusion-layout-column fusion_builder_column fusion-builder-column-1 fusion_builder_column_1_1 1_1 fusion-flex-column\" style=\"--awb-bg-size:cover;--awb-width-large:100%;--awb-margin-top-large:0px;--awb-spacing-right-large:1.92%;--awb-margin-bottom-large:20px;--awb-spacing-left-large:1.92%;--awb-width-medium:100%;--awb-order-medium:0;--awb-spacing-right-medium:1.92%;--awb-spacing-left-medium:1.92%;--awb-width-small:100%;--awb-order-small:0;--awb-spacing-right-small:1.92%;--awb-spacing-left-small:1.92%;\"><div class=\"fusion-column-wrapper fusion-column-has-shadow fusion-flex-justify-content-flex-start fusion-content-layout-column\"><div class=\"fusion-text fusion-text-1\" style=\"--awb-text-color:var(--awb-color3);--awb-margin-top:50px;\"><p>Ve\u0107 uspje\u0161no upravljamo apartmanima u Splitu (<a href=\"https:\/\/www.sixislands.hr\/\" target=\"_blank\" rel=\"noopener\">6 ISLANDS &#8211; Holiday &amp; Business Apartments<\/a>) s ocjenom 9,8, kao i <a href=\"https:\/\/bakra.hr\/hr\/\" target=\"_blank\" rel=\"noopener\">Bakra &#8211; Steak &amp; Pizza Bar<\/a>,, Konoba Lucac i <a href=\"https:\/\/pixera.hr\/\" target=\"_blank\" rel=\"noopener\">grafi\u010dki studio Pixera<\/a>. Na\u0161a strast za zadovoljstvom gostiju inspirirala nas je da pro\u0161irimo na\u0161e usluge i posvetimo se pru\u017eanju iznimnog iskustva u gastronomiji i ugostiteljstvu.<\/p>\n<p>Na\u0161 glavni cilj je osigurati da svi u\u017eivaju u nezaboravnom odmoru. To \u017eelimo posti\u0107i nude\u0107i personaliziranu uslugu i potpuno opremljene, najsuvremenije apartmane.<\/p>\n<\/div><div class=\"fusion-title title fusion-title-2 fusion-sep-none fusion-title-center fusion-title-highlight fusion-animate-once fusion-highlight-underline fusion-title-size-two\" style=\"--awb-text-color:var(--awb-color4);--awb-margin-bottom:40px;--awb-font-size:24px;\" data-highlight=\"underline\"><h2 class=\"fusion-title-heading title-heading-center\" style=\"margin:0;font-size:1em;\"><span class=\"fusion-highlighted-text-prefix\"><\/span> <span class=\"fusion-highlighted-text-wrapper\"><span class=\"fusion-highlighted-text\" style=\"font-size:24px;\">S nama \u0107ete dobiti vi\u0161e od samog odmora! <\/span><svg xmlns=\"http:\/\/www.w3.org\/2000\/svg\" viewBox=\"0 0 500 150\" preserveAspectRatio=\"none\"><path d=\"M8.1,146.2c0,0,240.6-55.6,479-13.8\"><\/path><\/svg><\/span> <span class=\"fusion-highlighted-text-postfix\"><\/span><\/h2><\/div><div class=\"fusion-text fusion-text-2\" style=\"--awb-text-color:var(--awb-color1);\"><p>Kao znak zahvalnosti za odabir na\u0161ih apartmana, pripremili smo rashla\u0111enu bocu doma\u0107eg bijelog vina, doma\u0107e maslinovo ulje, doma\u0107i ocat, kapsule za espresso, kapsule za bezkofeinsku kavu i vre\u0107ice \u010daja.<\/p>\n<p>Kako bismo osigurali maksimalnu udobnost na\u0161im gostima, sva 3<strong> apartmana imaju besplatno privatno parkirno mjesto u gara\u017e<\/strong>i, do koje se mo\u017ee do\u0107i liftom, od i do apartmana.<\/p>\n<p>Ako putujete bez vozila, osigurali smo taksi prijevoz (15 EUR u jednom smjeru) za odlaske u supermarket ili u staru jezgru grada Kor\u010dule. Na\u0161i poslovni putnici imat \u0107e udoban prostor za boravak i rad, dok \u0107e na\u0161i gosti koji dolaze kako bi se opustili i u\u017eivali u ljepoti na\u0161eg otoka imati koristi od luksuznog smje\u0161taja blizu pla\u017ee, s prekrasnim pogledom.<\/p>\n<\/div><\/div><\/div><\/div><\/div><\/p>\n","protected":false},"excerpt":{"rendered":"","protected":false},"author":1,"featured_media":0,"parent":0,"menu_order":0,"comment_status":"closed","ping_status":"closed","template":"100-width.php","meta":{"footnotes":""},"class_list":["post-1350","page","type-page","status-publish","hentry"],"_links":{"self":[{"href":"https:\/\/theislandhome.hr\/hr\/wp-json\/wp\/v2\/pages\/1350","targetHints":{"allow":["GET"]}}],"collection":[{"href":"https:\/\/theislandhome.hr\/hr\/wp-json\/wp\/v2\/pages"}],"about":[{"href":"https:\/\/theislandhome.hr\/hr\/wp-json\/wp\/v2\/types\/page"}],"author":[{"embeddable":true,"href":"https:\/\/theislandhome.hr\/hr\/wp-json\/wp\/v2\/users\/1"}],"replies":[{"embeddable":true,"href":"https:\/\/theislandhome.hr\/hr\/wp-json\/wp\/v2\/comments?post=1350"}],"version-history":[{"count":4,"href":"https:\/\/theislandhome.hr\/hr\/wp-json\/wp\/v2\/pages\/1350\/revisions"}],"predecessor-version":[{"id":1354,"href":"https:\/\/theislandhome.hr\/hr\/wp-json\/wp\/v2\/pages\/1350\/revisions\/1354"}],"wp:attachment":[{"href":"https:\/\/theislandhome.hr\/hr\/wp-json\/wp\/v2\/media?parent=1350"}],"curies":[{"name":"wp","href":"https:\/\/api.w.org\/{rel}","templated":true}]}}