{"id":1287,"date":"2026-03-09T15:15:22","date_gmt":"2026-03-09T15:15:22","guid":{"rendered":"https:\/\/theislandhome.hr\/about-us\/"},"modified":"2026-03-24T10:57:49","modified_gmt":"2026-03-24T10:57:49","slug":"chi-siamo","status":"publish","type":"page","link":"https:\/\/theislandhome.hr\/it\/chi-siamo\/","title":{"rendered":"Chi siamo"},"content":{"rendered":"<p><div class=\"fusion-fullwidth fullwidth-box fusion-builder-row-1 fusion-flex-container has-pattern-background has-mask-background fusion-parallax-fixed nonhundred-percent-fullwidth non-hundred-percent-height-scrolling\" style=\"--awb-border-radius-top-left:0px;--awb-border-radius-top-right:0px;--awb-border-radius-bottom-right:0px;--awb-border-radius-bottom-left:0px;--awb-padding-top:300px;--awb-padding-bottom:300px;--awb-padding-top-small:250px;--awb-padding-bottom-small:100px;--awb-background-image:linear-gradient(180deg, rgba(10,10,10,0.66) 0%,rgba(10,10,10,0.3) 100%),url(https:\/\/theislandhome.hr\/wp-content\/uploads\/2026\/03\/korcula-apartments-balcony.webp);;--awb-background-size:cover;--awb-flex-wrap:wrap;background-attachment:fixed;\" ><div class=\"fusion-builder-row fusion-row fusion-flex-align-items-flex-start fusion-flex-content-wrap\" style=\"max-width:1248px;margin-left: calc(-4% \/ 2 );margin-right: calc(-4% \/ 2 );\"><div class=\"fusion-layout-column fusion_builder_column fusion-builder-column-0 fusion_builder_column_1_1 1_1 fusion-flex-column\" style=\"--awb-bg-size:cover;--awb-width-large:100%;--awb-margin-top-large:0px;--awb-spacing-right-large:1.92%;--awb-margin-bottom-large:20px;--awb-spacing-left-large:1.92%;--awb-width-medium:100%;--awb-order-medium:0;--awb-spacing-right-medium:1.92%;--awb-spacing-left-medium:1.92%;--awb-width-small:100%;--awb-order-small:0;--awb-spacing-right-small:1.92%;--awb-spacing-left-small:1.92%;\"><div class=\"fusion-column-wrapper fusion-column-has-shadow fusion-flex-justify-content-flex-start fusion-content-layout-column\"><div class=\"fusion-title title fusion-title-1 fusion-sep-none fusion-title-center fusion-title-text fusion-title-size-one\" style=\"--awb-text-color:var(--awb-color1);--awb-font-size:36px;\"><h1 class=\"fusion-title-heading title-heading-center\" style=\"margin:0;font-size:1em;\">Chi siamo<\/h1><\/div><\/div><\/div><\/div><\/div><div class=\"fusion-fullwidth fullwidth-box fusion-builder-row-2 fusion-flex-container has-pattern-background has-mask-background nonhundred-percent-fullwidth non-hundred-percent-height-scrolling\" style=\"--link_color: var(--awb-color4);--awb-border-radius-top-left:0px;--awb-border-radius-top-right:0px;--awb-border-radius-bottom-right:0px;--awb-border-radius-bottom-left:0px;--awb-padding-top:50px;--awb-margin-top:0px;--awb-margin-bottom:0px;--awb-background-color:var(--awb-color6);--awb-flex-wrap:wrap;\" ><div class=\"awb-background-pattern\" style=\"background-image:  url(data:image\/svg+xml;utf8,%3Csvg%20width%3D%2280%22%20height%3D%22120%22%20fill%3D%22none%22%20xmlns%3D%22http%3A%2F%2Fwww.w3.org%2F2000%2Fsvg%22%3E%3Cg%20clip-path%3D%22url%28%23prefix__clip0_43_320%29%22%20fill%3D%22rgba%28249%2C247%2C242%2C1%29%22%3E%3Cpath%20d%3D%22M40%200L0%2030v30l40-30V0zm0%2030v30l40%2030V60L40%2030zM40-30V0l40%2030V0L40-30zm0%2090L0%2090v30l40-30V60zm0%2030v30l40%2030v-30L40%2090z%22%2F%3E%3C%2Fg%3E%3Cdefs%3E%3CclipPath%20id%3D%22prefix__clip0_43_320%22%3E%3Cpath%20fill%3D%22%23fff%22%20d%3D%22M0%200h80v120H0z%22%2F%3E%3C%2FclipPath%3E%3C%2Fdefs%3E%3C%2Fsvg%3E);opacity: 0.01 ;mix-blend-mode:normal;\"><\/div><div class=\"fusion-builder-row fusion-row fusion-flex-align-items-flex-start fusion-flex-content-wrap\" style=\"max-width:1248px;margin-left: calc(-4% \/ 2 );margin-right: calc(-4% \/ 2 );\"><div class=\"fusion-layout-column fusion_builder_column fusion-builder-column-1 fusion_builder_column_1_1 1_1 fusion-flex-column\" style=\"--awb-bg-size:cover;--awb-width-large:100%;--awb-margin-top-large:0px;--awb-spacing-right-large:1.92%;--awb-margin-bottom-large:20px;--awb-spacing-left-large:1.92%;--awb-width-medium:100%;--awb-order-medium:0;--awb-spacing-right-medium:1.92%;--awb-spacing-left-medium:1.92%;--awb-width-small:100%;--awb-order-small:0;--awb-spacing-right-small:1.92%;--awb-spacing-left-small:1.92%;\"><div class=\"fusion-column-wrapper fusion-column-has-shadow fusion-flex-justify-content-flex-start fusion-content-layout-column\"><div class=\"fusion-text fusion-text-1\" style=\"--awb-text-color:var(--awb-color3);--awb-margin-top:50px;\"><p>Gestiamo gi\u00e0 appartamenti a Spalato (<a href=\"https:\/\/www.sixislands.hr\/\" target=\"_blank\" rel=\"noopener\">6 ISLANDS &#8211; Holiday &amp; Business Apartments<\/a>) con un punteggio di 9,8, oltre al <a href=\"https:\/\/bakra.hr\/hr\/\" target=\"_blank\" rel=\"noopener\">Bakra &#8211; Steak &amp; Pizza Bar<\/a>, al Konoba Lucac e allo studio <a href=\"https:\/\/pixera.hr\/en\/\" target=\"_blank\" rel=\"noopener\">Pixera graphic<\/a>. La nostra passione per la soddisfazione dei nostri ospiti ci ha spinto ad ampliare i nostri servizi e a dedicarci alla creazione di un&#8217;esperienza eccezionale nel campo della gastronomia e dell&#8217;ospitalit\u00e0.<\/p>\n<p>Il nostro obiettivo principale \u00e8 garantire a tutti una vacanza indimenticabile. Puntiamo a raggiungere questo obiettivo offrendo un servizio personalizzato e appartamenti completamente attrezzati e all&#8217;avanguardia.<\/p>\n<\/div><div class=\"fusion-title title fusion-title-2 fusion-sep-none fusion-title-center fusion-title-highlight fusion-animate-once fusion-highlight-underline fusion-title-size-two\" style=\"--awb-text-color:var(--awb-color4);--awb-margin-bottom:40px;--awb-font-size:24px;\" data-highlight=\"underline\"><h2 class=\"fusion-title-heading title-heading-center\" style=\"margin:0;font-size:1em;\"><span class=\"fusion-highlighted-text-prefix\"><\/span> <span class=\"fusion-highlighted-text-wrapper\"><span class=\"fusion-highlighted-text\" style=\"font-size:24px;\">Con noi, otterrete molto pi\u00f9 di una semplice vacanza!<\/span><svg xmlns=\"http:\/\/www.w3.org\/2000\/svg\" viewBox=\"0 0 500 150\" preserveAspectRatio=\"none\"><path d=\"M8.1,146.2c0,0,240.6-55.6,479-13.8\"><\/path><\/svg><\/span> <span class=\"fusion-highlighted-text-postfix\"><\/span><\/h2><\/div><div class=\"fusion-text fusion-text-2\" style=\"--awb-text-color:var(--awb-color1);\"><p>Come segno di gratitudine per aver scelto i nostri appartamenti, abbiamo preparato una bottiglia di vino bianco fatto in casa, olio d&#8217;oliva fatto in casa, aceto fatto in casa, capsule di caff\u00e8 espresso, capsule di caff\u00e8 decaffeinato e bustine di t\u00e8.<\/p>\n<p>Per garantire il massimo comfort ai nostri ospiti, tutti e <b>3 gli appartamenti<\/b> dispongono di un <b>posto auto privato gratuito nel garage<\/b>, raggiungibile con l&#8217;ascensore, da e per l&#8217;appartamento.<\/p>\n<p>Se viaggiate senza auto, abbiamo riservato un servizio navetta in taxi (15 EUR a tratta) per gli spostamenti al supermercato o al centro storico di Kor\u010dula.<\/p>\n<p>I nostri ospiti in viaggio d&#8217;affari avranno a disposizione uno spazio confortevole dove soggiornare e lavorare, mentre quelli che vengono a rilassarsi e godersi la bellezza della nostra isola potranno beneficiare di una sistemazione di lusso vicino alla spiaggia, con una vista mozzafiato.<\/p>\n<\/div><\/div><\/div><\/div><\/div><\/p>\n","protected":false},"excerpt":{"rendered":"","protected":false},"author":1,"featured_media":0,"parent":0,"menu_order":0,"comment_status":"closed","ping_status":"closed","template":"100-width.php","meta":{"footnotes":""},"class_list":["post-1287","page","type-page","status-publish","hentry"],"_links":{"self":[{"href":"https:\/\/theislandhome.hr\/it\/wp-json\/wp\/v2\/pages\/1287","targetHints":{"allow":["GET"]}}],"collection":[{"href":"https:\/\/theislandhome.hr\/it\/wp-json\/wp\/v2\/pages"}],"about":[{"href":"https:\/\/theislandhome.hr\/it\/wp-json\/wp\/v2\/types\/page"}],"author":[{"embeddable":true,"href":"https:\/\/theislandhome.hr\/it\/wp-json\/wp\/v2\/users\/1"}],"replies":[{"embeddable":true,"href":"https:\/\/theislandhome.hr\/it\/wp-json\/wp\/v2\/comments?post=1287"}],"version-history":[{"count":4,"href":"https:\/\/theislandhome.hr\/it\/wp-json\/wp\/v2\/pages\/1287\/revisions"}],"predecessor-version":[{"id":1291,"href":"https:\/\/theislandhome.hr\/it\/wp-json\/wp\/v2\/pages\/1287\/revisions\/1291"}],"wp:attachment":[{"href":"https:\/\/theislandhome.hr\/it\/wp-json\/wp\/v2\/media?parent=1287"}],"curies":[{"name":"wp","href":"https:\/\/api.w.org\/{rel}","templated":true}]}}